{"id":1683,"date":"2019-03-06T21:17:43","date_gmt":"2019-03-06T20:17:43","guid":{"rendered":"http:\/\/wp13958107.server-he.de\/jobs"},"modified":"2023-03-16T12:29:30","modified_gmt":"2023-03-16T11:29:30","slug":"jobs","status":"publish","type":"page","link":"https:\/\/krone-sindringen.de\/en\/jobs","title":{"rendered":"Jobs"},"content":{"rendered":"<div class=\"wpb-content-wrapper\"><p>[vc_row full_width=&#8221;stretch_row_content_no_spaces&#8221; content_placement=&#8221;middle&#8221; css=&#8221;.vc_custom_1542966359980{background-image: url(https:\/\/krone-sindringen.de\/wp-content\/uploads\/2018\/11\/Buchen.jpg?id=1017) !important;background-position: center !important;background-repeat: no-repeat !important;background-size: cover !important;}&#8221; el_class=&#8221;header&#8211;bild&#8221;][vc_column css=&#8221;.vc_custom_1541612340372{padding-top: 20% !important;padding-bottom: 25% !important;}&#8221;][vc_column_text][\/vc_column_text][\/vc_column][vc_column][\/vc_column][\/vc_row][vc_row][vc_column][vc_column_text]<\/p>\n<h1 style=\"text-align: center;\">Herzlich Willkommen in unserem\u00a0 <em>Team!<\/em><\/h1>\n<p>[\/vc_column_text][vc_column_text]<\/p>\n<p style=\"text-align: center;\">Wir bieten attraktive Arbeitspl\u00e4tze f\u00fcr motivierte Mitarbeiter. Wir freuen uns auch \u00fcber Ihre Initiativbewerbung.<br \/>\nKontaktieren Sie uns gerne unter: <a class=\"mailto-link\" href=\"mailto:info@krone-sindringen.de\" target=\"_blank\" rel=\"noopener\">info@krone-sindringen.de<\/a>.<\/p>\n<p>[\/vc_column_text]<div class=\"column_filters\"><div class=\"blog_wrapper isotope_wrapper clearfix\"><div class=\"posts_group lm_wrapper element_classes col-2 grid hide-more\"><\/div><\/div>\n<\/div>\n[\/vc_column][\/vc_row][vc_row css=&#8221;.vc_custom_1540212499162{padding-top: 3% !important;}&#8221;][vc_column][vc_column_text]<\/p>\n<p style=\"text-align: center;\"><img loading=\"lazy\" decoding=\"async\" class=\"alignnone wp-image-99\" src=\"https:\/\/krone-sindringen.de\/wp-content\/uploads\/2018\/09\/Krone-Am-Fluss_Logo-2-300x130.png\" alt=\"\" width=\"231\" height=\"100\" srcset=\"https:\/\/krone-sindringen.de\/wp-content\/uploads\/2018\/09\/Krone-Am-Fluss_Logo-2-300x130.png 300w, https:\/\/krone-sindringen.de\/wp-content\/uploads\/2018\/09\/Krone-Am-Fluss_Logo-2-260x112.png 260w, https:\/\/krone-sindringen.de\/wp-content\/uploads\/2018\/09\/Krone-Am-Fluss_Logo-2-50x22.png 50w, https:\/\/krone-sindringen.de\/wp-content\/uploads\/2018\/09\/Krone-Am-Fluss_Logo-2-150x65.png 150w, https:\/\/krone-sindringen.de\/wp-content\/uploads\/2018\/09\/Krone-Am-Fluss_Logo-2.png 386w\" sizes=\"auto, (max-width:767px) 231px, 231px\" \/><\/p>\n<p>[\/vc_column_text][\/vc_column][\/vc_row]<\/p>\n<\/div>","protected":false},"excerpt":{"rendered":"<p>[vc_row full_width=&#8221;stretch_row_content_no_spaces&#8221; content_placement=&#8221;middle&#8221; css=&#8221;.vc_custom_1542966359980{background-image: url(https:\/\/krone-sindringen.de\/wp-content\/uploads\/2018\/11\/Buchen.jpg?id=1017) !important;background-position: center !important;background-repeat: no-repeat !important;background-size: cover !important;}&#8221; el_class=&#8221;header&#8211;bild&#8221;][vc_column css=&#8221;.vc_custom_1541612340372{padding-top: 20% !important;padding-bottom: 25% !important;}&#8221;][vc_column_text][\/vc_column_text][\/vc_column][vc_column][\/vc_column][\/vc_row][vc_row][vc_column][vc_column_text] Herzlich Willkommen in unserem\u00a0 Team! [\/vc_column_text][vc_column_text] Wir bieten<span class=\"excerpt-hellip\"> [\u2026]<\/span><\/p>\n","protected":false},"author":1,"featured_media":0,"parent":0,"menu_order":0,"comment_status":"closed","ping_status":"closed","template":"","meta":{"footnotes":""},"class_list":["post-1683","page","type-page","status-publish","hentry"],"_links":{"self":[{"href":"https:\/\/krone-sindringen.de\/en\/wp-json\/wp\/v2\/pages\/1683","targetHints":{"allow":["GET"]}}],"collection":[{"href":"https:\/\/krone-sindringen.de\/en\/wp-json\/wp\/v2\/pages"}],"about":[{"href":"https:\/\/krone-sindringen.de\/en\/wp-json\/wp\/v2\/types\/page"}],"author":[{"embeddable":true,"href":"https:\/\/krone-sindringen.de\/en\/wp-json\/wp\/v2\/users\/1"}],"replies":[{"embeddable":true,"href":"https:\/\/krone-sindringen.de\/en\/wp-json\/wp\/v2\/comments?post=1683"}],"version-history":[{"count":6,"href":"https:\/\/krone-sindringen.de\/en\/wp-json\/wp\/v2\/pages\/1683\/revisions"}],"predecessor-version":[{"id":5191,"href":"https:\/\/krone-sindringen.de\/en\/wp-json\/wp\/v2\/pages\/1683\/revisions\/5191"}],"wp:attachment":[{"href":"https:\/\/krone-sindringen.de\/en\/wp-json\/wp\/v2\/media?parent=1683"}],"curies":[{"name":"wp","href":"https:\/\/api.w.org\/{rel}","templated":true}]}}